{"id":92,"date":"2014-02-18T20:36:45","date_gmt":"2014-02-18T20:36:45","guid":{"rendered":"http:\/\/danso.kungfuacademy.d250.hu\/taichi_wingchun\/?page_id=92"},"modified":"2014-02-20T15:28:12","modified_gmt":"2014-02-20T15:28:12","slug":"edzes","status":"publish","type":"page","link":"https:\/\/danso.kungfuacademy.d250.hu\/taichi_wingchun\/galeria\/edzes\/","title":{"rendered":"Fot\u00f3k \u00e9s vide\u00f3k az edz\u00e9sekr\u0151l"},"content":{"rendered":"","protected":false},"excerpt":{"rendered":"","protected":false},"author":1,"featured_media":93,"parent":26,"menu_order":0,"comment_status":"open","ping_status":"open","template":"","meta":[],"_links":{"self":[{"href":"https:\/\/danso.kungfuacademy.d250.hu\/taichi_wingchun\/wp-json\/wp\/v2\/pages\/92"}],"collection":[{"href":"https:\/\/danso.kungfuacademy.d250.hu\/taichi_wingchun\/wp-json\/wp\/v2\/pages"}],"about":[{"href":"https:\/\/danso.kungfuacademy.d250.hu\/taichi_wingchun\/wp-json\/wp\/v2\/types\/page"}],"author":[{"embeddable":true,"href":"https:\/\/danso.kungfuacademy.d250.hu\/taichi_wingchun\/wp-json\/wp\/v2\/users\/1"}],"replies":[{"embeddable":true,"href":"https:\/\/danso.kungfuacademy.d250.hu\/taichi_wingchun\/wp-json\/wp\/v2\/comments?post=92"}],"version-history":[{"count":2,"href":"https:\/\/danso.kungfuacademy.d250.hu\/taichi_wingchun\/wp-json\/wp\/v2\/pages\/92\/revisions"}],"predecessor-version":[{"id":132,"href":"https:\/\/danso.kungfuacademy.d250.hu\/taichi_wingchun\/wp-json\/wp\/v2\/pages\/92\/revisions\/132"}],"up":[{"embeddable":true,"href":"https:\/\/danso.kungfuacademy.d250.hu\/taichi_wingchun\/wp-json\/wp\/v2\/pages\/26"}],"wp:featuredmedia":[{"embeddable":true,"href":"https:\/\/danso.kungfuacademy.d250.hu\/taichi_wingchun\/wp-json\/wp\/v2\/media\/93"}],"wp:attachment":[{"href":"https:\/\/danso.kungfuacademy.d250.hu\/taichi_wingchun\/wp-json\/wp\/v2\/media?parent=92"}],"curies":[{"name":"wp","href":"https:\/\/api.w.org\/{rel}","templated":true}]}}