{"id":35,"date":"2014-02-17T20:11:15","date_gmt":"2014-02-17T20:11:15","guid":{"rendered":"http:\/\/danso.kungfuacademy.d250.hu\/taichi_wingchun\/?page_id=35"},"modified":"2017-01-05T18:14:13","modified_gmt":"2017-01-05T18:14:13","slug":"bemutatkozo","status":"publish","type":"page","link":"https:\/\/danso.kungfuacademy.d250.hu\/taichi_wingchun\/","title":{"rendered":"Introdu\u00e7\u00e3o"},"content":{"rendered":"<p style=\"text-align: justify;\"><img loading=\"lazy\" class=\"alignright  wp-image-150\" alt=\"k\u00e9p\" src=\"http:\/\/danso.kungfuacademy.d250.hu\/taichi_wingchun\/wp-content\/uploads\/2014\/02\/k\u00e9p-300x286.jpg\" width=\"210\" height=\"200\" srcset=\"https:\/\/danso.kungfuacademy.d250.hu\/taichi_wingchun\/wp-content\/uploads\/2014\/02\/k\u00e9p-300x286.jpg 300w, https:\/\/danso.kungfuacademy.d250.hu\/taichi_wingchun\/wp-content\/uploads\/2014\/02\/k\u00e9p.jpg 489w\" sizes=\"(max-width: 210px) 100vw, 210px\" \/><\/p>\n<p>Sou Sifu: Mamad\u00fa Lamine Dans\u00f3, Fundador da \u201cAcademia Danso Kung-fu\u201d<\/p>\n<p style=\"text-align: justify;\">Comecei a lidar com Artes marciais asi\u00e1ticas apartir da minha entrada nas fileiras das For\u00e7as Armada Guineense em 1984. Na altura aprendia shotokan,\u00a0um dos estilos de Karate.<\/p>\n<p style=\"text-align: justify;\">Em 1987 fui para a Hungria estudar artes militares, a\u00ed conhec\u00ed o meu Mestre de Tai-Chi &amp; Wing-Chun Kung-fu, o Sifu: Csaba D\u00e1n\u00e9. Desde ent\u00e3o desenvolvi cont\u00ednuamente \u00a0as minhas habilidades em\u00a0Kung-fu \/artes marciais\/.<\/p>\n<p style=\"text-align: justify;\">Conclu\u00ed os meus estudos na Hungria em 1991, voltei para a Guin\u00e9-Bissau aonde fundei\u00a0imediatamente a minha primeira escola de Kung-fu na <span style=\"text-decoration: underline;\">Base A\u00e9rea N\u00b01<\/span>; depois na <span style=\"text-decoration: underline;\">Brigada Mecanizada 14 de Novembre<\/span>; depois no <span style=\"text-decoration: underline;\">QG. ( Quartel General )<\/span>. Para satisfazer as exig\u00e9ncias populares, foi necess\u00e1rio abrir outras escolas para civ\u00eds. Assim foi aberto no <span style=\"text-decoration: underline;\">Bairo Militar<\/span>; na Base de <span style=\"text-decoration: underline;\">Pol\u00edcia M\u00f3vel<\/span>; no <span style=\"text-decoration: underline;\">UDIB<\/span>; e por fin no <span style=\"text-decoration: underline;\">INEP<\/span>.\u00a0Tive 7 escolas em diferentes pontos decapital.<\/p>\n<p style=\"text-align: justify;\">Em 1996 voltei para a Hungria, por raz\u00f5es familiares e com o intuito de \u00edr superar mais nas artes. Al\u00ed fundei v\u00e1rias escolas de Kung-fu no capital \u201cBudapeste e nos sub\u00farbios de capital Hungaro\u201d.<\/p>\n<p>Finalmente chegou o momento de fazer a abertura da Academia esperado por muitos na Guin\u00e9-Bissau.<\/p>\n<p>J\u00e1 tenho mestres preparados a espera do dia, para \u00edr come\u00e7ar d\u00e1r instruc\u00e7oes ao p\u00fablico amante de artes marciais e d\u00e1r recicl\u00e1gem aos homens da defesa e segur\u00e1n\u00e7a naquele pa\u00eds.<\/p>\n<p><b><span style=\"text-decoration: underline;\">OS OBJECTIVOS DA ACADEMIA:<\/span><\/b> <b><i>Criar um Centro de prepara\u00e7ao de Artes marciais e auto-defesa<\/i><\/b> *Para a Forma\u00e7ao de homem saud\u00e1vel. Indiv\u00edduos saud\u00e1veis<\/p>\n<ol>\n<li>Uma pessoa saud\u00e1vel \u00e9 aquele que \u00e9 capaz de trabalhar;<\/li>\n<li>Uma pessoa saud\u00e1vel \u00e9 aquele que pode contribuir para as actividades de desenvolvimento da na\u00e7ao;<\/li>\n<li>Uma pessoa saud\u00e1vel \u00e9 aquele que pode participar activamente na protec\u00e7ao e defesa da integridade do pa\u00eds;<\/li>\n<li>Uma pessoa saud\u00e1vel \u00e9 aquele que \u00e9 capaz de proporcionar e fazer cumprir as ordens interna do pa\u00eds;<\/li>\n<li>Uma pessoa saud\u00e1vel \u00e9 aquele que, f\u00edsicamente, esp\u00edritualmente, moralmente est\u00e1 sempre fresco \/ calmo, capaz para compreender e servir os seu clientes ou p\u00fablicos, nas Institui\u00e7\u00f5es estatais \/ Governamentais, para bem dizer, aquele que \u00e9 capaz e est\u00e1 na altura de responder os seus deveres.<\/li>\n<li>Uma pessoa saud\u00e1vel \u00e9 aquele que \u00e9 capaz de participar activamente nas actividades econ\u00f3micas do pa\u00eds.<\/li>\n<\/ol>\n<p>S\u00e3o estes os nossos objectivos: ensinar pessoas se conhecerem, para poderem ultrapassar aqueles limites ou barreiras constru\u00eddos por eles mesmos.<\/p>\n<p style=\"text-align: justify;\">O termo \u201c Kung-fu\u201d \u00e9 um termo muito amplo, \u00e9 uma palavra complexa literalmente. Para mim significa dominar sua pr\u00f3pria fraqueza. Porque eu acredito que o maior advers\u00e1rio que uma pessoa pode ter, \u00e9 a sua pr\u00f3pria fraqueza e medos; e pior doen\u00e7a\u00a0tamb\u00e9m que pessoa pode ter \u00e9 a sua ignor\u00e1ncia. O Kung-fu \/Arte Marcial\/ nos ensina dominar estas anomalias. De aprender governar conscientemente os nossos temperamentos;\u00a0ter auto-confian\u00e7a, para combater os nossos medos; agir\u00a0deliberadamente, para podermos manter o controle de nosso destino; saber lidar com as nossas ac\u00e7\u00f5es de dia \u00e1 dia.<\/p>\n<p>\u00a0 O nosso ensino est\u00e1 baseado na harmoniza\u00e7ao dessas \u00e1reas: &#8211;Psicol\u00f3gico \/ Mental &#8211;Moral &#8211;Espiritual &#8212; F\u00edsico<\/p>\n<p style=\"text-align: justify;\"><b><span style=\"text-decoration: underline;\">AUTO-DEFESA<\/span><\/b>: &#8211; Nos ensina ter autocontrole na luta. Como defendermo-nos conscientemente, obrigar os nossos advers\u00e1rios fazer a nossa vontade; torn\u00e1-lo incapacitado de continuar combater. Nos faz conhecer as armas de auto-defesa e forma de utiliz\u00e1-los num n\u00edvel elevado.<\/p>\n","protected":false},"excerpt":{"rendered":"<p>Sou Sifu: Mamad\u00fa Lamine Dans\u00f3, Fundador da \u201cAcademia Danso Kung-fu\u201d Comecei a lidar com Artes marciais asi\u00e1ticas apartir da minha entrada nas fileiras das For\u00e7as Armada Guineense em 1984. Na altura aprendia shotokan,\u00a0um dos estilos de Karate. Em 1987 fui para a Hungria estudar artes militares, a\u00ed conhec\u00ed o meu Mestre de Tai-Chi &amp; Wing-Chun &hellip; <\/p>\n<p><a class=\"more-link block-button\" href=\"https:\/\/danso.kungfuacademy.d250.hu\/taichi_wingchun\/\">Continue lendo &raquo;<\/a><\/p>\n","protected":false},"author":1,"featured_media":0,"parent":0,"menu_order":0,"comment_status":"open","ping_status":"open","template":"","meta":[],"_links":{"self":[{"href":"https:\/\/danso.kungfuacademy.d250.hu\/taichi_wingchun\/wp-json\/wp\/v2\/pages\/35"}],"collection":[{"href":"https:\/\/danso.kungfuacademy.d250.hu\/taichi_wingchun\/wp-json\/wp\/v2\/pages"}],"about":[{"href":"https:\/\/danso.kungfuacademy.d250.hu\/taichi_wingchun\/wp-json\/wp\/v2\/types\/page"}],"author":[{"embeddable":true,"href":"https:\/\/danso.kungfuacademy.d250.hu\/taichi_wingchun\/wp-json\/wp\/v2\/users\/1"}],"replies":[{"embeddable":true,"href":"https:\/\/danso.kungfuacademy.d250.hu\/taichi_wingchun\/wp-json\/wp\/v2\/comments?post=35"}],"version-history":[{"count":18,"href":"https:\/\/danso.kungfuacademy.d250.hu\/taichi_wingchun\/wp-json\/wp\/v2\/pages\/35\/revisions"}],"predecessor-version":[{"id":322,"href":"https:\/\/danso.kungfuacademy.d250.hu\/taichi_wingchun\/wp-json\/wp\/v2\/pages\/35\/revisions\/322"}],"wp:attachment":[{"href":"https:\/\/danso.kungfuacademy.d250.hu\/taichi_wingchun\/wp-json\/wp\/v2\/media?parent=35"}],"curies":[{"name":"wp","href":"https:\/\/api.w.org\/{rel}","templated":true}]}}