{"id":244,"date":"2014-04-26T17:50:55","date_gmt":"2014-04-26T17:50:55","guid":{"rendered":"http:\/\/danso.kungfuacademy.d250.hu\/taichi_wingchun\/?page_id=244"},"modified":"2014-04-26T17:55:23","modified_gmt":"2014-04-26T17:55:23","slug":"egyeb-fotok-az-edzesekrol","status":"publish","type":"page","link":"https:\/\/danso.kungfuacademy.d250.hu\/taichi_wingchun\/galeria\/egyeb-fotok-az-edzesekrol\/","title":{"rendered":"Egy\u00e9b fot\u00f3k az edz\u00e9sekr\u0151l"},"content":{"rendered":"<p>[fbalbum url=&#8221;https:\/\/www.facebook.com\/media\/set\/?set=a.474024319396998.1073741846.442516285881135&amp;type=1&#8243;]<\/p>\n","protected":false},"excerpt":{"rendered":"<p>[fbalbum url=&#8221;https:\/\/www.facebook.com\/media\/set\/?set=a.474024319396998.1073741846.442516285881135&amp;type=1&#8243;]<\/p>\n","protected":false},"author":1,"featured_media":248,"parent":26,"menu_order":0,"comment_status":"open","ping_status":"open","template":"","meta":[],"_links":{"self":[{"href":"https:\/\/danso.kungfuacademy.d250.hu\/taichi_wingchun\/wp-json\/wp\/v2\/pages\/244"}],"collection":[{"href":"https:\/\/danso.kungfuacademy.d250.hu\/taichi_wingchun\/wp-json\/wp\/v2\/pages"}],"about":[{"href":"https:\/\/danso.kungfuacademy.d250.hu\/taichi_wingchun\/wp-json\/wp\/v2\/types\/page"}],"author":[{"embeddable":true,"href":"https:\/\/danso.kungfuacademy.d250.hu\/taichi_wingchun\/wp-json\/wp\/v2\/users\/1"}],"replies":[{"embeddable":true,"href":"https:\/\/danso.kungfuacademy.d250.hu\/taichi_wingchun\/wp-json\/wp\/v2\/comments?post=244"}],"version-history":[{"count":2,"href":"https:\/\/danso.kungfuacademy.d250.hu\/taichi_wingchun\/wp-json\/wp\/v2\/pages\/244\/revisions"}],"predecessor-version":[{"id":246,"href":"https:\/\/danso.kungfuacademy.d250.hu\/taichi_wingchun\/wp-json\/wp\/v2\/pages\/244\/revisions\/246"}],"up":[{"embeddable":true,"href":"https:\/\/danso.kungfuacademy.d250.hu\/taichi_wingchun\/wp-json\/wp\/v2\/pages\/26"}],"wp:featuredmedia":[{"embeddable":true,"href":"https:\/\/danso.kungfuacademy.d250.hu\/taichi_wingchun\/wp-json\/wp\/v2\/media\/248"}],"wp:attachment":[{"href":"https:\/\/danso.kungfuacademy.d250.hu\/taichi_wingchun\/wp-json\/wp\/v2\/media?parent=244"}],"curies":[{"name":"wp","href":"https:\/\/api.w.org\/{rel}","templated":true}]}}