{"id":210,"date":"2014-03-02T21:47:58","date_gmt":"2014-03-02T21:47:58","guid":{"rendered":"http:\/\/danso.kungfuacademy.d250.hu\/taichi_wingchun\/?page_id=210"},"modified":"2014-03-04T14:18:40","modified_gmt":"2014-03-04T14:18:40","slug":"william-cheung","status":"publish","type":"page","link":"https:\/\/danso.kungfuacademy.d250.hu\/taichi_wingchun\/mesterek\/william-cheung\/","title":{"rendered":"William Cheung"},"content":{"rendered":"<p><img loading=\"lazy\" class=\"alignleft size-medium wp-image-222\" alt=\"534738_2302872387660_124669947_n\" src=\"http:\/\/danso.kungfuacademy.d250.hu\/taichi_wingchun\/wp-content\/uploads\/2014\/03\/534738_2302872387660_124669947_n-249x300.jpg\" width=\"249\" height=\"300\" srcset=\"https:\/\/danso.kungfuacademy.d250.hu\/taichi_wingchun\/wp-content\/uploads\/2014\/03\/534738_2302872387660_124669947_n-249x300.jpg 249w, https:\/\/danso.kungfuacademy.d250.hu\/taichi_wingchun\/wp-content\/uploads\/2014\/03\/534738_2302872387660_124669947_n.jpg 432w\" sizes=\"(max-width: 249px) 100vw, 249px\" \/>William Cheung 1940-ben sz\u00fcletett Hong Kong-ban. 1951 elej\u00e9n l\u00e9pett be Yip Man nagymester iskol\u00e1j\u00e1ba.<\/p>\n<p id=\"indent\"><b>1953<\/b>-t\u00f3l minden idej\u00e9t a Wing Chun tanul\u00e1s\u00e1nak szentelte. Napjait Yip Man nagymesterrel t\u00f6lt\u00f6tte, tanult \u00e9s assziszt\u00e1lt a nagymesternek a k\u00fcl\u00f6nb\u00f6z\u0151 oszt\u00e1lyok oktat\u00e1s\u00e1ban.<\/p>\n<p id=\"indent\"><b>1955-1959<\/b>\u00a0k\u00f6z\u00f6tt sz\u00e1mtalan kih\u00edv\u00e1sos m\u00e9rk\u0151z\u00e9st nyert, egyike annak a n\u00e9gy Wing Chun harcosnak (Wong Shun-Leung, William Cheung, Bruce Lee, Hawkins Cheung) aki megalapozta a Wing Chun st\u00edlus h\u00edrnev\u00e9t Hong Kong-ban.<\/p>\n<p id=\"indent\"><b>1957-1959<\/b>-ban Hong Kong pusztakezes bajnoka.<\/p>\n<p id=\"indent\"><b>1959<\/b>-ben Ausztr\u00e1li\u00e1ba k\u00f6lt\u00f6zik, ahol f\u0151iskolai, majd egyetemi tanulm\u00e1nyait v\u00e9gzi.<\/p>\n<p id=\"indent\"><b>1964<\/b>-ben megnyitja els\u0151 Wing Chun iskol\u00e1j\u00e1t a canberrai Ausztr\u00e1l Nemzeti Egyetemen.<\/p>\n<p id=\"indent\"><b>1974<\/b>-ben megalak\u00edtja Wing Chun Akad\u00e9mi\u00e1j\u00e1t Melbourne-ben, minden idej\u00e9t a wing chun tanulm\u00e1nyoz\u00e1s\u00e1nak \u00e9s oktat\u00e1s\u00e1nak szenteli. Ugyanez \u00e9v v\u00e9g\u00e9n megv\u00e1lasztj\u00e1k az Ausztr\u00e1l Kung Fu Sz\u00f6vets\u00e9g eln\u00f6k\u00e9nek, mely posztot az\u00f3ta is bet\u00f6lti.<\/p>\n<p id=\"indent\"><b>1978-1980<\/b>\u00a0k\u00f6z\u00f6tt az Egyes\u00fclt \u00c1llamok Haditenger\u00e9szet\u00e9nek Yokosukai T\u00e1maszpontj\u00e1n k\u00f6zelharc kik\u00e9pz\u0151k\u00e9nt oktatja a tenger\u00e9szgyalogosokat. Ez id\u0151t\u00e1jt tan\u00edtv\u00e1nyai sorra kezdik megnyitni saj\u00e1t iskol\u00e1ikat a vil\u00e1g k\u00fcl\u00f6nb\u00f6z\u0151 pontjain. Sz\u00fcks\u00e9gess\u00e9 v\u00e1lik egy organiz\u00e1ci\u00f3s szervezet megalak\u00edt\u00e1sa, ami ir\u00e1ny\u00edtja a k\u00fcl\u00f6nb\u00f6z\u0151 iskol\u00e1k tev\u00e9kenys\u00e9g\u00e9t.<\/p>\n<p id=\"indent\"><b>1981<\/b>-ben megalakul a World Wing Chun Kung Fu Association melynek sz\u00e9khelye Melbourne, eln\u00f6ke pedig Cheung nagymester.<\/p>\n<p id=\"indent\"><b>1982<\/b>-ben a WWCKFA csapat\u00e1nak versenyz\u0151i megnyerik a Hong Kong-i Kung Fu Vil\u00e1gbajnoks\u00e1g full-contact verseny\u00e9t neh\u00e9z- \u00e9s k\u00f6z\u00e9ps\u00faly\u00fa kateg\u00f3ri\u00e1ban.<\/p>\n<p id=\"indent\"><b>1983<\/b>-ban \u00fct\u00e9ssebess\u00e9gi rekordot \u00e1ll\u00edt fel a bostoni Harvard Egyetemen. Rendszeresen jelennek meg cikkei a Black Belt; az Inside Kung Fu, az Inside Karate, a Dojo, a Blitz, \u00e9s a New Martial Hero c\u00edm\u0171 magazinokban.<\/p>\n<p id=\"indent\">Az Ohara K\u00f6nyvkiad\u00f3 V\u00e1llalat az al\u00e1bbi k\u00f6nyveit publik\u00e1lja: How To Develop Chi Power; Advanced Wing Chun; Wing Chun Bil Jee; Kung Fu Dragon Pole; Kung Fu Butterfly Swords; Wing Chun Kung Fu \/ Jeet Kune Do: A comparison Vol. 1-2 (Ted Wonggal k\u00f6z\u00f6sen); \u00e9s a My Life with Wing Chun. Ugyancsak 1983-ban elnyeri a Black Belt Magazin &#8220;Az \u00c9v Harcm\u0171v\u00e9sze&#8221; c\u00edm\u00e9t.<\/p>\n<p id=\"indent\"><b>1989<\/b>-ben az Inside Kung Fu Magazin &#8220;Az \u00c9v Harcm\u0171v\u00e9szeti Oktat\u00f3ja&#8221; c\u00edm\u00e9t illetve \u00e9letm\u0171 d\u00edjat kap az Australian Blitz magazint\u00f3l, a harcm\u0171v\u00e9szetek oktat\u00e1s\u00e1ban \u00e9s n\u00e9pszer\u0171s\u00edt\u00e9s\u00e9ben kifejtett tev\u00e9kenys\u00e9g\u00e9\u00e9rt.<\/p>\n<p id=\"indent\"><b>2000<\/b>\u00a0janu\u00e1rj\u00e1ban a China Guangzhou Medical University and Hospital Research Institute professzori c\u00edmet adom\u00e1nyozott Cheung nagymesternek a hagyom\u00e1nyos k\u00ednai gy\u00f3gy\u00e1szat \u00e9s meridi\u00e1n ter\u00e1pia ter\u00fclet\u00e9n kifejtett kutat\u00f3munk\u00e1j\u00e1\u00e9rt. Ir\u00e1ny\u00edtja a szervezet munk\u00e1j\u00e1t, tan\u00edt, \u00e9s vizsg\u00e1ztat szerte a vil\u00e1gban.<\/p>\n<p style=\"text-align: center;\">\n<iframe src=\"\/\/www.youtube-nocookie.com\/embed\/KyycxFogzb4\" height=\"450\" width=\"600\" allowfullscreen=\"\" frameborder=\"0\"><\/iframe><br \/>\n<iframe src=\"\/\/www.youtube-nocookie.com\/embed\/fJRo4lO4YAg\" height=\"450\" width=\"600\" allowfullscreen=\"\" frameborder=\"0\"><\/iframe><\/p>\n","protected":false},"excerpt":{"rendered":"<p>William Cheung 1940-ben sz\u00fcletett Hong Kong-ban. 1951 elej\u00e9n l\u00e9pett be Yip Man nagymester iskol\u00e1j\u00e1ba. 1953-t\u00f3l minden idej\u00e9t a Wing Chun tanul\u00e1s\u00e1nak szentelte. Napjait Yip Man nagymesterrel t\u00f6lt\u00f6tte, tanult \u00e9s assziszt\u00e1lt a nagymesternek a k\u00fcl\u00f6nb\u00f6z\u0151 oszt\u00e1lyok oktat\u00e1s\u00e1ban. 1955-1959\u00a0k\u00f6z\u00f6tt sz\u00e1mtalan kih\u00edv\u00e1sos m\u00e9rk\u0151z\u00e9st nyert, egyike annak a n\u00e9gy Wing Chun harcosnak (Wong Shun-Leung, William Cheung, Bruce Lee, Hawkins &hellip; <\/p>\n<p><a class=\"more-link block-button\" href=\"https:\/\/danso.kungfuacademy.d250.hu\/taichi_wingchun\/mesterek\/william-cheung\/\">Continue lendo &raquo;<\/a><\/p>\n","protected":false},"author":1,"featured_media":224,"parent":218,"menu_order":2,"comment_status":"open","ping_status":"open","template":"","meta":[],"_links":{"self":[{"href":"https:\/\/danso.kungfuacademy.d250.hu\/taichi_wingchun\/wp-json\/wp\/v2\/pages\/210"}],"collection":[{"href":"https:\/\/danso.kungfuacademy.d250.hu\/taichi_wingchun\/wp-json\/wp\/v2\/pages"}],"about":[{"href":"https:\/\/danso.kungfuacademy.d250.hu\/taichi_wingchun\/wp-json\/wp\/v2\/types\/page"}],"author":[{"embeddable":true,"href":"https:\/\/danso.kungfuacademy.d250.hu\/taichi_wingchun\/wp-json\/wp\/v2\/users\/1"}],"replies":[{"embeddable":true,"href":"https:\/\/danso.kungfuacademy.d250.hu\/taichi_wingchun\/wp-json\/wp\/v2\/comments?post=210"}],"version-history":[{"count":4,"href":"https:\/\/danso.kungfuacademy.d250.hu\/taichi_wingchun\/wp-json\/wp\/v2\/pages\/210\/revisions"}],"predecessor-version":[{"id":226,"href":"https:\/\/danso.kungfuacademy.d250.hu\/taichi_wingchun\/wp-json\/wp\/v2\/pages\/210\/revisions\/226"}],"up":[{"embeddable":true,"href":"https:\/\/danso.kungfuacademy.d250.hu\/taichi_wingchun\/wp-json\/wp\/v2\/pages\/218"}],"wp:featuredmedia":[{"embeddable":true,"href":"https:\/\/danso.kungfuacademy.d250.hu\/taichi_wingchun\/wp-json\/wp\/v2\/media\/224"}],"wp:attachment":[{"href":"https:\/\/danso.kungfuacademy.d250.hu\/taichi_wingchun\/wp-json\/wp\/v2\/media?parent=210"}],"curies":[{"name":"wp","href":"https:\/\/api.w.org\/{rel}","templated":true}]}}