{"id":208,"date":"2014-03-02T21:27:44","date_gmt":"2014-03-02T21:27:44","guid":{"rendered":"http:\/\/danso.kungfuacademy.d250.hu\/taichi_wingchun\/?page_id=208"},"modified":"2014-03-04T13:42:42","modified_gmt":"2014-03-04T13:42:42","slug":"yip-man","status":"publish","type":"page","link":"https:\/\/danso.kungfuacademy.d250.hu\/taichi_wingchun\/mesterek\/yip-man\/","title":{"rendered":"Yip Man"},"content":{"rendered":"<p><img loading=\"lazy\" class=\"alignleft size-medium wp-image-215\" alt=\"Yip_Man\" src=\"http:\/\/danso.kungfuacademy.d250.hu\/taichi_wingchun\/wp-content\/uploads\/2014\/03\/Yip_Man-203x300.jpg\" width=\"203\" height=\"300\" srcset=\"https:\/\/danso.kungfuacademy.d250.hu\/taichi_wingchun\/wp-content\/uploads\/2014\/03\/Yip_Man-203x300.jpg 203w, https:\/\/danso.kungfuacademy.d250.hu\/taichi_wingchun\/wp-content\/uploads\/2014\/03\/Yip_Man.jpg 250w\" sizes=\"(max-width: 203px) 100vw, 203px\" \/>Yip Man\u00a0<b>1893. okt\u00f3ber 14.<\/b>-\u00e9n sz\u00fcletett a Ching dinasztia uralkod\u00e1sa alatt a Kwantung tartom\u00e1nyi Fatshan v\u00e1ros\u00e1ban, ami ebben az id\u0151ben a Lam Hoi j\u00e1r\u00e1shoz tartozott. Gyakran ez\u00e9rt tartj\u00e1k Yip Man sz\u00fclet\u00e9si hely\u00e9nek a kwantungi Lam Hoi-t. Yip Man \u00e9desapj\u00e1t Yip Oi Dor-nak h\u00edvt\u00e1k, \u00e9desanyja neve Ng Shui. H\u00e1rom testv\u00e9re volt, b\u00e1tyja Gai Gak (Yip Man nagymestert eredetileg Gei Man-nak h\u00edvt\u00e1k), n\u0151v\u00e9rei pedig Wan Mei \u00e9s Wan Hom.<\/p>\n<p id=\"indent\"><b>1899-1905<\/b>: Ebben az id\u0151ben (hat\u00e9ves kor\u00e1t\u00f3l tizenk\u00e9t \u00e9ves kor\u00e1ig) Yip Man a csal\u00e1dj\u00e1val \u00e9lt Fatshanban \u00e9s wing chunt tanult Chan Wah-Shun-t\u00f3l (P\u00e9nzv\u00e1lt\u00f3 Wah) Fatshan f\u0151utc\u00e1j\u00e1n (Song Yun Dai Gai) a Yip csal\u00e1d lak\u00f3hely\u00e9n. A kert ma a korm\u00e1nyzat birtoka, a h\u00e1z m\u00e1r nem l\u00e9tezik. Ebben az id\u0151ben egy\u00fctt tanult Yip Man-nal Lui Yui-Chai, Ng Chung-Sao, Ng Siu-Lo \u00e9s m\u00e1sok.<\/p>\n<p id=\"indent\"><b>1905<\/b>: Ebben az \u00e9vben hunyt el Chan Wah Shun, de hal\u00e1la el\u0151tt arra k\u00e9rte Ng Chung-Sao-t, hogy seg\u00edtsen a tizenk\u00e9t \u00e9ves Yip Man-nak a wing chun teljes rendszer\u00e9t elsaj\u00e1t\u00edtani. Chan Wah-Shun test\u00e9t tan\u00edtv\u00e1nyai a Shun Dak beli Chan faluban temett\u00e9k el.<\/p>\n<p id=\"indent\"><b>1905-1907<\/b>: Yip Man nagymester megfogadta Chan Wah-Shun utols\u00f3 szavait \u00e9s Ng Chung-Sao tan\u00edtv\u00e1nya lett. Ng iskol\u00e1ja a Sin Huen Gai utc\u00e1n volt. Ebben az id\u0151ben ott tanult m\u00e9g Ng Yuen Kei-Shan, Yiu Choi (Yiu Kei apja) \u00e9s m\u00e1sok.<\/p>\n<p id=\"indent\"><b>1908<\/b>: Yip Man nagymester 15 \u00e9vesen rokona, Leung Fut Ting seg\u00edts\u00e9g\u00e9vel lak\u00e1shoz jutott a Kane Road-on, Hong Kong-ban, ahol a St. Stephen College \u00f6szt\u00f6nd\u00edjasak\u00e9nt tanult.<\/p>\n<p id=\"indent\"><b>1909-1913<\/b>: Iskolat\u00e1rsai r\u00e9v\u00e9n megismerte Leung Bik-et, az elhunyt Leung Jan m\u00e1sodik fi\u00e1t, akit\u0151l n\u00e9gy \u00e9vig tanult.<\/p>\n<p id=\"indent\"><b>1914-1937<\/b>: Ez id\u0151 alatt Yip Man els\u0151sorban a hadseregn\u00e9l \u00e9s a rend\u0151rs\u00e9gn\u00e9l dolgozott. Feles\u00e9g\u00fcl vette Cheung Wing-Sing-t, akinek a csal\u00e1dja a Ching dinasztia egyik miniszter\u00e9t\u0151l sz\u00e1rmaz\u00f3 Cheung Yum-Hang-t\u00f3l ered. N\u00e9gy gyermeke sz\u00fcletett, fiai Yip Hok-Chun (Yip Chun), Hok Ching (Yip Ching), l\u00e1nyai Ar Sum \u00e9s Ar Wun. Amikor nem dolgozott, sz\u00edvesen tal\u00e1lkozott m\u00e1s mesterekkel, hogy tanuljon \u00e9s gyakoroljon. D\u00e9l k\u00ednai harcm\u0171v\u00e9szeti k\u00f6r\u00f6kben majdnem mindenki ismerte a Fatshanb\u00f3l sz\u00e1rmaz\u00f3 Yip Man nev\u00e9t. A kertj\u00e9ben gyakran folyt eszmecsere a wing chun st\u00edlussal kapcsolatban. Yip Man-nal gyakorolt ebben az id\u0151ben Yuen Kay-San, Yiu Choi \u00e9s Yip Chung Hong, Lai Hip Chi, Tong Kai \u00e9s sokan m\u00e1sok.<\/p>\n<p id=\"indent\"><b>1937<\/b>: A jap\u00e1nok ebben az \u00e9vben megsz\u00e1llt\u00e1k D\u00e9l-K\u00edn\u00e1t. Yip Man Fatshanban \u00e9lt.<\/p>\n<p id=\"indent\"><b>1937-1945<\/b>: Yip Man nyolc \u00e9ven \u00e1t k\u00fczd\u00f6tt a jap\u00e1nok ellen. Fatshant elfoglalt\u00e1k \u00e9s b\u00e1bkorm\u00e1ny jutott hatalomra. A nagymester megfogadta, hogy nem h\u00f3dol be. Ennek azt\u00e1n az lett a k\u00f6vetkezm\u00e9nye, hogy teljesen elszeg\u00e9nyedett \u00e9s \u00e9hezett. Szerencs\u00e9re egy bar\u00e1tja, Chow Cheng Chung id\u0151r\u0151l id\u0151e ell\u00e1tta \u00e9lelmiszerrel. Yip Man nagymester ezt a sz\u00edvess\u00e9get meg akarta h\u00e1l\u00e1lni, ez\u00e9rt kezdte el tan\u00edtani Chow fi\u00e1t Chow Kwang Yiut. 1941-t\u0151l 1943-ig tan\u00edtotta a wing chun kung fu-t Wing On-ban. Chow Kwong Yiu-val tanult m\u00e9g ebben az id\u0151ben Kwok Fu, Chan Chi Sun, Ng Ying, Lun Kai, Chow Sai \u00e9s m\u00e1sok. Ez volt az els\u0151 gener\u00e1ci\u00f3, akiket Yip Man tan\u00edtott.<\/p>\n<p id=\"indent\"><b>1945<\/b>: Jap\u00e1n kapitul\u00e1l\u00e1s\u00e1nak az \u00e9ve. Yip Man ekkor 52 \u00e9ves.<\/p>\n<p id=\"indent\"><b>1945-1949<\/b>: Ekkoriban Yip Man nagymestert meglehet\u0151sen elfoglalta a munk\u00e1ja. A Kwong Chown lakott Fatshanban. F\u00e9lig-meddig fel kellett hagynia szeretett wing chun kung fu-ja m\u0171vel\u00e9s\u00e9vel, eg\u00e9szen 1948-ig, amikor egy j\u00f3 bar\u00e1tja Tong Kai Pang Nam arra k\u00e9rte, hogy tan\u00edtsa \u0151t. Ezekben a munk\u00e1val teli napokban Yip Man Pang Nam-ot tan\u00edtotta a Fatshani Cheung Yee Atl\u00e9tikai Egyes\u00fcletben.<\/p>\n<p id=\"indent\"><b>1949<\/b>: Yip Man nagymester ebben az \u00e9vben emigr\u00e1lt Macao-n kereszt\u00fcl Hong Kong-ba.<\/p>\n<p id=\"indent\"><b>1950-1953<\/b>: 1950 j\u00falius\u00e1ban kezdett el Yip Man bar\u00e1tja Lee Man segits\u00e9g\u00e9nek k\u00f6sz\u00f6nhet\u0151en Kowloon-ban, a Dai Lam utc\u00e1ban tan\u00edtani. El\u0151sz\u00f6r az \u00c9ttermi Dolgoz\u00f3k Egyes\u00fclet\u00e9n\u00e9l adott \u00f3r\u00e1kat. Amikor megnyitotta az els\u0151 oszt\u00e1ly\u00e1t, m\u00e9g csak nyolc di\u00e1kja volt, k\u00f6zt\u00fck Leung Sheung \u00e9s Lok Yiu. Mindannyian \u00e9ttermi dolgoz\u00f3k voltak, de k\u00e9s\u0151bbb j\u00f6tt Tsui Sheung-Tin, Yip Po-Ching, Jiu Wan, Lee Yan-Wing, Law Bing, Man Siu-Hung \u00e9s m\u00e9g sokan m\u00e1sok is. Ezt a peri\u00f3dust nevezik az &#8220;\u00c9ttermi Dolgoz\u00f3k Egyes\u00fclete els\u0151 f\u00e1zis\u00e1nak&#8221;. A nagymester szint\u00e9n tan\u00edtott az \u00c9ttermi Dolgoz\u00f3k Egys\u00fclete Shang Wan \u00e1g\u00e1nak a szakszervezet\u00e9ben, Hong Kong-ban. Ottani di\u00e1kjai voltak Lee Wing, Yue May-Keng, Lee Leung-Foon \u00e9s m\u00e1sok.<\/p>\n<p id=\"indent\"><b>1951<\/b>: Ebben az \u00e9vben kezd el tanulni iskol\u00e1j\u00e1ban Wong Shun-Leung \u00e9s Cheung Cheuk-Hing (William Cheung).<\/p>\n<p id=\"indent\"><b>1953-1954<\/b>: Miut\u00e1n a szakszervezeti v\u00e1laszt\u00e1sokon lev\u00e1ltott\u00e1k Leung Sheungot, Yip Man nagymester \u00e1tk\u00f6lt\u00f6ztette az iskol\u00e1j\u00e1t a Hoi Tan utc\u00e1ba. Ezen k\u00edv\u00fcl mag\u00e1n\u00f3r\u00e1kat is adott a H\u00e1rom Herceg Templom\u00e1ban, a Yue Chow utc\u00e1ban. Di\u00e1kja volt Lee Hong \u00e9s m\u00e1sok.<\/p>\n<p id=\"indent\"><b>1954-1955<\/b>: Leung Sheungot \u00fajb\u00f3l az \u00c9ttermi Dolgoz\u00f3k Szakszervezet\u00e9nek eln\u00f6k\u00e9v\u00e9 v\u00e1lasztott\u00e1k, Yip Man ekkort\u00f3l ism\u00e9t tan\u00edt az egyes\u00fcletn\u00e9l. Ezt nevezik a k\u00e9s\u0151i f\u00e1zisnak az \u00c9ttermi Dolgoz\u00f3k Szakszervezet\u00e9n\u00e9l. Ebben az id\u0151ben j\u00f6tt Lee Kam-Sing, Kan Wah-Chit (Victor Kan), Lo Man-Kam \u00e9s sokan m\u00e1sok.<\/p>\n<p><iframe src=\"\/\/www.youtube-nocookie.com\/embed\/dnP8_-5Iobg\" height=\"315\" width=\"420\" allowfullscreen=\"\" frameborder=\"0\"><\/iframe><\/p>\n<p id=\"indent\"><b>1955-1957<\/b>: Yip Man nagymester \u00e1tk\u00f6lt\u00f6ztette iskol\u00e1j\u00e1t a Lee Tat utc\u00e1ba, Yau Ma-Tei, Kowloon. Itt tan\u00edtv\u00e1nya volt Lee Siu-Lung (Bruce Lee), Chan Shing, Hawkins Cheung, Siu Yuk-Men, Poon Bing-Lit, Pang Kam-Fat \u00e9s sokan m\u00e1sok.<\/p>\n<p id=\"indent\"><b>1957-1962<\/b>: Ebben az \u00f6t \u00e9vben Yip Man nagymester iskol\u00e1ja a Lee Chang Ok Chuen-ben \u00e1llt. Ekkort\u00e1jt volt di\u00e1kja Mek Po, Yeung Hei, Moy Yat, Ho Kam-Ming \u00e9s m\u00e1sok. Mag\u00e1n\u00f3r\u00e1kat is adott &#8211; h\u00e1rom helyen is &#8211; Sau Kai-Wan, Shun Kei Fazekasmu\u0171helyben, ahol Wong Pak-Yee, Wong Wei, Yeung Chung-Han, Chow Lok-Gee, Wong Kwok-Yau \u00e9s m\u00e1sok tanultak Bo Lak Hong-ban. Ott di\u00e1kja volt Tong Cho-Chi, Lee Fat-Chi, Chang Tak-Chiu, Tam Lai \u00e9s m\u00e1sok. Ezen fel\u00fcl \u00f3r\u00e1kat adott a Tai Po Road-on, ahol Chung Kam-Chuen \u00e9s Chung Wing-Hong tanult t\u0151le.<\/p>\n<p id=\"indent\"><b>1962-1963<\/b>: Yip Man nagymester ekkor nyitott iskol\u00e1t a Tai Po Road 61 sz\u00e1m alatt, a Heng Yip \u00e9p\u00fcletben. Di\u00e1kja volt Cheung Yiu-Wing, Ho Luen, Jun Ching-On, Chan Wun Lam, Chang Tai-Yim \u00e9s Kwok See-Yan. Mag\u00e1n\u00f3r\u00e1kat a Yee Wa szab\u00f3s\u00e1gban, Tsim Sha Tsuiban adott. Ott tanult Peter Chang \u00e9s egy csoport Po Lak Hong-b\u00f3l.<\/p>\n<p id=\"indent\"><b>1963-1965<\/b>: Ekkor az iskola a Tai Sang \u00c9tterem els\u0151 emelet\u00e9re k\u00f6lt\u00f6z\u00f6tt, a Tai Kok Tsuiban l\u00e9v\u0151 Fook Chuen utc\u00e1ba. Eredetileg ez a helyis\u00e9g el\u0151szobak\u00e9nt funkcion\u00e1lt, de a tulajdonos, Ho Luen \u00e1tadta Yip Man-nak a termet. A legt\u00f6bben \u00e1tj\u00f6ttek a Heng Yipi iskola\u00e9p\u00fcletb\u0151l. Ho Luenen k\u00edv\u00fcl itt tanult m\u00e9g Yeung Chung-Hon, Wat Yung-Sung, Pang Kam-Fat, Jun Ching-On, Lee Yan-Wing \u00e9s Yau Hak-So. Ebben az id\u0151szakban Yip Man nagymester rend\u0151rs\u00e9gi alkalmazottakat is tan\u00edtott, a Hin Hing utc\u00e1ban, San Po Kong-ban. K\u00f6zt\u00fck volt Tang Sang, Lam Ying-Fat, Yuen Chi-Kong, Lee Yiu-Fei, Wong Kok \u00e9s m\u00e1sok.<\/p>\n<p>[fbalbum url=&#8221;https:\/\/www.facebook.com\/media\/set\/?set=a.445573155575448.1073741841.442516285881135&amp;type=3&#8243;]<\/p>\n<p id=\"indent\"><b>1965-1972<\/b>: A Tai Sang \u00c9ttermi iskol\u00e1t bez\u00e1rt\u00e1k, \u00e9s Yip Man nagymester visszak\u00f6lt\u00f6z\u00f6tt a Tong Choi utc\u00e1ba. J\u00f3llehet az ideje nagy r\u00e9sz\u00e9t m\u00e1r nem az oktat\u00e1snak szentelte, adott m\u00e9g mag\u00e1n\u00f3r\u00e1kat. Ebben az id\u0151ben tanult otthon\u00e1ban Wong Chung-Wah, Wong Hei, Hong Jap-Sum \u00e9s m\u00e1sok. Ezen k\u00edv\u00fcl m\u00e9g t\u00f6bb k\u00fcl\u00f6nb\u00f6z\u0151 helyen tan\u00edtott, el\u0151sz\u00f6r is a Ving Tsun Athletic Association-ban, amely 1967-ben az els\u0151 harcm\u0171v\u00e9szeti egyes\u00fclet volt, mely hivatalosan bejegyz\u00e9sre ker\u00fclt. Itt asszisztense volt Jun Ching-On, Fung Hon, Wong Hon-Chung \u00e9s m\u00e1sok. Ez az id\u0151szak k\u00f6r\u00fclbel\u00fcl 3 h\u00f3napig tartott. A k\u00f6vetkez\u0151 iskola a Chen Wei Hongs lak\u00e1s a Waterloo Roadon. Itt tanult Chen Wei-Hong, a Siu Lung fiv\u00e9rek, Wong Chi-On, Chan Kam-Ming, Chung Yau, Lau Hon-Lam, Man Yim-Kwong \u00e9s m\u00e1sok. A harmadik hely, ahol tan\u00edtott, a Chi Yau Road.<\/p>\n<p id=\"indent\">Amikor Chen Wei-Hong-nak m\u00e1s ir\u00e1ny\u00fa elfoglalts\u00e1gai ad\u00f3dtak \u00e9s a Waterloo Road-on nem lehetet folytatni, Yip Man \u00e1thelyezte a tan\u00edt\u00e1st a Lau Hon Lams h\u00e1zba. Ide j\u00e1rt Wong Chi-Ming, \u00e9s a nagymester el\u0151sz\u00f6r fogadott hivatalosan tan\u00edtv\u00e1ny\u00e1nak egy n\u0151t, n\u00e9v szerint Ng Yuet Dor-t. Tan\u00edtott m\u00e9g a Siu Fai To-n, Yip Sing-Cheuk h\u00e1z\u00e1ban. Yip \u00e9s a t\u00f6bbi itteni tan\u00edtv\u00e1ny is \u00fcgyv\u00e9d volt. Ez volt az utols\u00f3 hely, ahol Yip Man nagymester wing chun kung fu-t oktatott.<\/p>\n<p id=\"indent\"><b>1972<\/b>: Yip Man nagymester 1972. december 1.-\u00e9n &#8211; 79 \u00e9ves kor\u00e1ban &#8211; hunyt el otthon\u00e1ban, a Tong Choi utc\u00e1ban.<\/p>\n","protected":false},"excerpt":{"rendered":"<p>Yip Man\u00a01893. okt\u00f3ber 14.-\u00e9n sz\u00fcletett a Ching dinasztia uralkod\u00e1sa alatt a Kwantung tartom\u00e1nyi Fatshan v\u00e1ros\u00e1ban, ami ebben az id\u0151ben a Lam Hoi j\u00e1r\u00e1shoz tartozott. Gyakran ez\u00e9rt tartj\u00e1k Yip Man sz\u00fclet\u00e9si hely\u00e9nek a kwantungi Lam Hoi-t. Yip Man \u00e9desapj\u00e1t Yip Oi Dor-nak h\u00edvt\u00e1k, \u00e9desanyja neve Ng Shui. H\u00e1rom testv\u00e9re volt, b\u00e1tyja Gai Gak (Yip Man nagymestert &hellip; <\/p>\n<p><a class=\"more-link block-button\" href=\"https:\/\/danso.kungfuacademy.d250.hu\/taichi_wingchun\/mesterek\/yip-man\/\">Continue lendo &raquo;<\/a><\/p>\n","protected":false},"author":1,"featured_media":217,"parent":218,"menu_order":1,"comment_status":"open","ping_status":"open","template":"","meta":[],"_links":{"self":[{"href":"https:\/\/danso.kungfuacademy.d250.hu\/taichi_wingchun\/wp-json\/wp\/v2\/pages\/208"}],"collection":[{"href":"https:\/\/danso.kungfuacademy.d250.hu\/taichi_wingchun\/wp-json\/wp\/v2\/pages"}],"about":[{"href":"https:\/\/danso.kungfuacademy.d250.hu\/taichi_wingchun\/wp-json\/wp\/v2\/types\/page"}],"author":[{"embeddable":true,"href":"https:\/\/danso.kungfuacademy.d250.hu\/taichi_wingchun\/wp-json\/wp\/v2\/users\/1"}],"replies":[{"embeddable":true,"href":"https:\/\/danso.kungfuacademy.d250.hu\/taichi_wingchun\/wp-json\/wp\/v2\/comments?post=208"}],"version-history":[{"count":4,"href":"https:\/\/danso.kungfuacademy.d250.hu\/taichi_wingchun\/wp-json\/wp\/v2\/pages\/208\/revisions"}],"predecessor-version":[{"id":220,"href":"https:\/\/danso.kungfuacademy.d250.hu\/taichi_wingchun\/wp-json\/wp\/v2\/pages\/208\/revisions\/220"}],"up":[{"embeddable":true,"href":"https:\/\/danso.kungfuacademy.d250.hu\/taichi_wingchun\/wp-json\/wp\/v2\/pages\/218"}],"wp:featuredmedia":[{"embeddable":true,"href":"https:\/\/danso.kungfuacademy.d250.hu\/taichi_wingchun\/wp-json\/wp\/v2\/media\/217"}],"wp:attachment":[{"href":"https:\/\/danso.kungfuacademy.d250.hu\/taichi_wingchun\/wp-json\/wp\/v2\/media?parent=208"}],"curies":[{"name":"wp","href":"https:\/\/api.w.org\/{rel}","templated":true}]}}